{"id":68,"date":"2020-07-18T07:34:13","date_gmt":"2020-07-18T07:34:13","guid":{"rendered":"http:\/\/www.hbkablo.com.tr\/?page_id=68"},"modified":"2025-01-16T18:51:53","modified_gmt":"2025-01-16T18:51:53","slug":"iletisim","status":"publish","type":"page","link":"http:\/\/www.hbkablo.com.tr\/index.php\/iletisim\/","title":{"rendered":"\u0130leti\u015fim"},"content":{"rendered":"\n<p class=\"has-text-align-left\"><\/p>\n\n\n\n<figure class=\"wp-block-image size-large\"><img loading=\"lazy\" width=\"447\" height=\"269\" src=\"http:\/\/www.hbkablo.com.tr\/wp-content\/uploads\/2021\/07\/iletisim.png\" alt=\"\" class=\"wp-image-949\" srcset=\"http:\/\/www.hbkablo.com.tr\/wp-content\/uploads\/2021\/07\/iletisim.png 447w, http:\/\/www.hbkablo.com.tr\/wp-content\/uploads\/2021\/07\/iletisim-300x181.png 300w\" sizes=\"(max-width: 447px) 100vw, 447px\" \/><\/figure>\n\n\n\n<figure class=\"wp-block-gallery columns-0 is-cropped\"><ul class=\"blocks-gallery-grid\"><\/ul><\/figure>\n\n\n\n<p><a href=\"http:\/\/www.hbkablo.com.tr\/?customize_changeset_uuid=9a2e3813-0743-475a-8080-5ab520ef02d9&amp;customize_theme=bovity&amp;customize_messenger_channel=preview-19&amp;customize_autosaved=on#\">Beylikd\u00fcz\u00fc OSB Mah. Birlik San. Sit. 3. Cad.No: 13\/89 Beylikd\u00fcz\u00fc\/\u0130stanbul<\/a><\/p>\n\n\n\n<p>Tel: <a>(0212) 876 08 58 &#8211; Hasan BA\u015eIB\u00dcY\u00dcK 0533 043 48 58<\/a><\/p>\n\n\n\n<p>e.posta: info@hbkablo.com<\/p>\n","protected":false},"excerpt":{"rendered":"<p>Beylikd\u00fcz\u00fc OSB Mah. Birlik San. Sit. 3. Cad.No: 13\/89 Beylikd\u00fcz\u00fc\/\u0130stanbul Tel: (0212) 876 08 58 &#8211; Hasan BA\u015eIB\u00dcY\u00dcK 0533 043 48 58 e.posta: info@hbkablo.com<\/p>\n","protected":false},"author":1,"featured_media":0,"parent":0,"menu_order":0,"comment_status":"closed","ping_status":"closed","template":"","meta":[],"_links":{"self":[{"href":"http:\/\/www.hbkablo.com.tr\/index.php\/wp-json\/wp\/v2\/pages\/68"}],"collection":[{"href":"http:\/\/www.hbkablo.com.tr\/index.php\/wp-json\/wp\/v2\/pages"}],"about":[{"href":"http:\/\/www.hbkablo.com.tr\/index.php\/wp-json\/wp\/v2\/types\/page"}],"author":[{"embeddable":true,"href":"http:\/\/www.hbkablo.com.tr\/index.php\/wp-json\/wp\/v2\/users\/1"}],"replies":[{"embeddable":true,"href":"http:\/\/www.hbkablo.com.tr\/index.php\/wp-json\/wp\/v2\/comments?post=68"}],"version-history":[{"count":27,"href":"http:\/\/www.hbkablo.com.tr\/index.php\/wp-json\/wp\/v2\/pages\/68\/revisions"}],"predecessor-version":[{"id":1062,"href":"http:\/\/www.hbkablo.com.tr\/index.php\/wp-json\/wp\/v2\/pages\/68\/revisions\/1062"}],"wp:attachment":[{"href":"http:\/\/www.hbkablo.com.tr\/index.php\/wp-json\/wp\/v2\/media?parent=68"}],"curies":[{"name":"wp","href":"https:\/\/api.w.org\/{rel}","templated":true}]}}